{"id":622,"date":"2018-01-02T05:45:40","date_gmt":"2018-01-02T05:45:40","guid":{"rendered":"http:\/\/themelooks.net\/demo\/cvit\/wordpress\/?page_id=5"},"modified":"2026-02-16T23:08:37","modified_gmt":"2026-02-16T23:08:37","slug":"portfolio-webdesigner-pao-print-montage-video-ia-graphiques-video","status":"publish","type":"page","link":"https:\/\/www.laetitiametivier.com\/","title":{"rendered":"Home"},"content":{"rendered":"","protected":false},"excerpt":{"rendered":"","protected":false},"author":1,"featured_media":0,"parent":0,"menu_order":0,"comment_status":"closed","ping_status":"closed","template":"template-custom.php","meta":{"footnotes":""},"class_list":["post-622","page","type-page","status-publish","hentry"],"yoast_head":"<!-- This site is optimized with the Yoast SEO plugin v26.9 - https:\/\/yoast.com\/product\/yoast-seo-wordpress\/ -->\n<title>Portfolio de Graphiste cr\u00e9ative \u00e0 Nice (Alpes Maritimes) - Laetitia Metivier<\/title>\n<meta name=\"description\" content=\"D\u00e9couvrez Laetitia METIVIER, Graphiste sp\u00e9cialis\u00e9e dans le design cr\u00e9atif et moderne : Print, Web, Vid\u00e9o, Identit\u00e9 visuelle, IA, PandaSuite..\" \/>\n<meta name=\"robots\" content=\"index, follow, max-snippet:-1, max-image-preview:large, max-video-preview:-1\" \/>\n<link rel=\"canonical\" href=\"https:\/\/www.laetitiametivier.com\/\" \/>\n<meta property=\"og:locale\" content=\"fr_FR\" \/>\n<meta property=\"og:type\" content=\"article\" \/>\n<meta property=\"og:title\" content=\"Portfolio de Graphiste cr\u00e9ative \u00e0 Nice (Alpes Maritimes) - Laetitia Metivier\" \/>\n<meta property=\"og:description\" content=\"D\u00e9couvrez Laetitia METIVIER, Graphiste sp\u00e9cialis\u00e9e dans le design cr\u00e9atif et moderne : Print, Web, Vid\u00e9o, Identit\u00e9 visuelle, IA, PandaSuite..\" \/>\n<meta property=\"og:url\" content=\"https:\/\/www.laetitiametivier.com\/\" \/>\n<meta property=\"og:site_name\" content=\"Laetitia Metivier\" \/>\n<meta property=\"article:modified_time\" content=\"2026-02-16T23:08:37+00:00\" \/>\n<meta name=\"twitter:card\" content=\"summary_large_image\" \/>\n<script type=\"application\/ld+json\" class=\"yoast-schema-graph\">{\"@context\":\"https:\/\/schema.org\",\"@graph\":[{\"@type\":\"WebPage\",\"@id\":\"https:\/\/www.laetitiametivier.com\/\",\"url\":\"https:\/\/www.laetitiametivier.com\/\",\"name\":\"Portfolio de Graphiste cr\u00e9ative \u00e0 Nice (Alpes Maritimes) - Laetitia Metivier\",\"isPartOf\":{\"@id\":\"https:\/\/www.laetitiametivier.com\/#website\"},\"datePublished\":\"2018-01-02T05:45:40+00:00\",\"dateModified\":\"2026-02-16T23:08:37+00:00\",\"description\":\"D\u00e9couvrez Laetitia METIVIER, Graphiste sp\u00e9cialis\u00e9e dans le design cr\u00e9atif et moderne : Print, Web, Vid\u00e9o, Identit\u00e9 visuelle, IA, PandaSuite..\",\"breadcrumb\":{\"@id\":\"https:\/\/www.laetitiametivier.com\/#breadcrumb\"},\"inLanguage\":\"fr-FR\",\"potentialAction\":[{\"@type\":\"ReadAction\",\"target\":[\"https:\/\/www.laetitiametivier.com\/\"]}]},{\"@type\":\"BreadcrumbList\",\"@id\":\"https:\/\/www.laetitiametivier.com\/#breadcrumb\",\"itemListElement\":[{\"@type\":\"ListItem\",\"position\":1,\"name\":\"Home\",\"item\":\"https:\/\/www.laetitiametivier.com\/\"},{\"@type\":\"ListItem\",\"position\":2,\"name\":\"Home\"}]},{\"@type\":\"WebSite\",\"@id\":\"https:\/\/www.laetitiametivier.com\/#website\",\"url\":\"https:\/\/www.laetitiametivier.com\/\",\"name\":\"Laetitia Metivier\",\"description\":\"Graphiste Pao, Webdesigner &amp; Vid\u00e9aste\",\"potentialAction\":[{\"@type\":\"SearchAction\",\"target\":{\"@type\":\"EntryPoint\",\"urlTemplate\":\"https:\/\/www.laetitiametivier.com\/?s={search_term_string}\"},\"query-input\":{\"@type\":\"PropertyValueSpecification\",\"valueRequired\":true,\"valueName\":\"search_term_string\"}}],\"inLanguage\":\"fr-FR\"}]}<\/script>\n<!-- \/ Yoast SEO plugin. -->","yoast_head_json":{"title":"Portfolio de Graphiste cr\u00e9ative \u00e0 Nice (Alpes Maritimes) - Laetitia Metivier","description":"D\u00e9couvrez Laetitia METIVIER, Graphiste sp\u00e9cialis\u00e9e dans le design cr\u00e9atif et moderne : Print, Web, Vid\u00e9o, Identit\u00e9 visuelle, IA, PandaSuite..","robots":{"index":"index","follow":"follow","max-snippet":"max-snippet:-1","max-image-preview":"max-image-preview:large","max-video-preview":"max-video-preview:-1"},"canonical":"https:\/\/www.laetitiametivier.com\/","og_locale":"fr_FR","og_type":"article","og_title":"Portfolio de Graphiste cr\u00e9ative \u00e0 Nice (Alpes Maritimes) - Laetitia Metivier","og_description":"D\u00e9couvrez Laetitia METIVIER, Graphiste sp\u00e9cialis\u00e9e dans le design cr\u00e9atif et moderne : Print, Web, Vid\u00e9o, Identit\u00e9 visuelle, IA, PandaSuite..","og_url":"https:\/\/www.laetitiametivier.com\/","og_site_name":"Laetitia Metivier","article_modified_time":"2026-02-16T23:08:37+00:00","twitter_card":"summary_large_image","schema":{"@context":"https:\/\/schema.org","@graph":[{"@type":"WebPage","@id":"https:\/\/www.laetitiametivier.com\/","url":"https:\/\/www.laetitiametivier.com\/","name":"Portfolio de Graphiste cr\u00e9ative \u00e0 Nice (Alpes Maritimes) - Laetitia Metivier","isPartOf":{"@id":"https:\/\/www.laetitiametivier.com\/#website"},"datePublished":"2018-01-02T05:45:40+00:00","dateModified":"2026-02-16T23:08:37+00:00","description":"D\u00e9couvrez Laetitia METIVIER, Graphiste sp\u00e9cialis\u00e9e dans le design cr\u00e9atif et moderne : Print, Web, Vid\u00e9o, Identit\u00e9 visuelle, IA, PandaSuite..","breadcrumb":{"@id":"https:\/\/www.laetitiametivier.com\/#breadcrumb"},"inLanguage":"fr-FR","potentialAction":[{"@type":"ReadAction","target":["https:\/\/www.laetitiametivier.com\/"]}]},{"@type":"BreadcrumbList","@id":"https:\/\/www.laetitiametivier.com\/#breadcrumb","itemListElement":[{"@type":"ListItem","position":1,"name":"Home","item":"https:\/\/www.laetitiametivier.com\/"},{"@type":"ListItem","position":2,"name":"Home"}]},{"@type":"WebSite","@id":"https:\/\/www.laetitiametivier.com\/#website","url":"https:\/\/www.laetitiametivier.com\/","name":"Laetitia Metivier","description":"Graphiste Pao, Webdesigner &amp; Vid\u00e9aste","potentialAction":[{"@type":"SearchAction","target":{"@type":"EntryPoint","urlTemplate":"https:\/\/www.laetitiametivier.com\/?s={search_term_string}"},"query-input":{"@type":"PropertyValueSpecification","valueRequired":true,"valueName":"search_term_string"}}],"inLanguage":"fr-FR"}]}},"_links":{"self":[{"href":"https:\/\/www.laetitiametivier.com\/index.php?rest_route=\/wp\/v2\/pages\/622","targetHints":{"allow":["GET"]}}],"collection":[{"href":"https:\/\/www.laetitiametivier.com\/index.php?rest_route=\/wp\/v2\/pages"}],"about":[{"href":"https:\/\/www.laetitiametivier.com\/index.php?rest_route=\/wp\/v2\/types\/page"}],"author":[{"embeddable":true,"href":"https:\/\/www.laetitiametivier.com\/index.php?rest_route=\/wp\/v2\/users\/1"}],"replies":[{"embeddable":true,"href":"https:\/\/www.laetitiametivier.com\/index.php?rest_route=%2Fwp%2Fv2%2Fcomments&post=622"}],"version-history":[{"count":3,"href":"https:\/\/www.laetitiametivier.com\/index.php?rest_route=\/wp\/v2\/pages\/622\/revisions"}],"predecessor-version":[{"id":761,"href":"https:\/\/www.laetitiametivier.com\/index.php?rest_route=\/wp\/v2\/pages\/622\/revisions\/761"}],"wp:attachment":[{"href":"https:\/\/www.laetitiametivier.com\/index.php?rest_route=%2Fwp%2Fv2%2Fmedia&parent=622"}],"curies":[{"name":"wp","href":"https:\/\/api.w.org\/{rel}","templated":true}]}}